{"id":931,"date":"2024-04-16T10:21:45","date_gmt":"2024-04-16T10:21:45","guid":{"rendered":"https:\/\/www.hansengrietjezeewolde.nl\/pannenkoekenhuis\/"},"modified":"2026-03-31T10:21:28","modified_gmt":"2026-03-31T10:21:28","slug":"pannenkoekenhuis","status":"publish","type":"page","link":"https:\/\/www.hansengrietjezeewolde.nl\/de\/","title":{"rendered":"Startseite"},"content":{"rendered":"","protected":false},"excerpt":{"rendered":"","protected":false},"author":1,"featured_media":4245,"parent":0,"menu_order":0,"comment_status":"closed","ping_status":"closed","template":"","meta":{"_acf_changed":false},"class_list":["post-931","page","type-page","status-publish","has-post-thumbnail","hentry"],"acf":[],"yoast_head":"<!-- This site is optimized with the Yoast SEO Premium plugin v26.8 (Yoast SEO v26.8) - https:\/\/yoast.com\/product\/yoast-seo-premium-wordpress\/ -->\n<title>Hans &amp; Grietje Pfannkuchenhaus \u2013 Erlebe einen zauberhaften Sommer<\/title>\n<meta name=\"description\" content=\"Im \u201eHans &amp; Grietje Pannenkoekenhaus und Spielpark\u201c erwarten dich k\u00f6stliche Pfannkuchen und eine m\u00e4rchenhafte Atmosph\u00e4re.\" \/>\n<meta name=\"robots\" content=\"index, follow, max-snippet:-1, max-image-preview:large, max-video-preview:-1\" \/>\n<link rel=\"canonical\" href=\"https:\/\/www.hansengrietjezeewolde.nl\/de\/\" \/>\n<meta property=\"og:locale\" content=\"de_DE\" \/>\n<meta property=\"og:type\" content=\"article\" \/>\n<meta property=\"og:title\" content=\"Startseite\" \/>\n<meta property=\"og:description\" content=\"Im \u201eHans &amp; Grietje Pannenkoekenhaus und Spielpark\u201c erwarten dich k\u00f6stliche Pfannkuchen und eine m\u00e4rchenhafte Atmosph\u00e4re.\" \/>\n<meta property=\"og:url\" content=\"https:\/\/www.hansengrietjezeewolde.nl\/de\/\" \/>\n<meta property=\"og:site_name\" content=\"Hans en Grietje\" \/>\n<meta property=\"article:publisher\" content=\"https:\/\/www.facebook.com\/hansengrietjezeewolde\" \/>\n<meta property=\"article:modified_time\" content=\"2026-03-31T10:21:28+00:00\" \/>\n<meta property=\"og:image\" content=\"https:\/\/www.hansengrietjezeewolde.nl\/app\/uploads\/2026\/03\/20240802-Hans-Grietje-Zomerdag-AUG-2024-14-scaled.jpg\" \/>\n\t<meta property=\"og:image:width\" content=\"2560\" \/>\n\t<meta property=\"og:image:height\" content=\"1917\" \/>\n\t<meta property=\"og:image:type\" content=\"image\/jpeg\" \/>\n<meta name=\"twitter:card\" content=\"summary_large_image\" \/>\n<meta name=\"twitter:label1\" content=\"Est. reading time\" \/>\n\t<meta name=\"twitter:data1\" content=\"3 minutes\" \/>\n<script type=\"application\/ld+json\" class=\"yoast-schema-graph\">{\"@context\":\"https:\/\/schema.org\",\"@graph\":[{\"@type\":\"WebPage\",\"@id\":\"https:\/\/www.hansengrietjezeewolde.nl\/de\/\",\"url\":\"https:\/\/www.hansengrietjezeewolde.nl\/de\/\",\"name\":\"Hans & Grietje Pfannkuchenhaus \u2013 Erlebe einen zauberhaften Sommer\",\"isPartOf\":{\"@id\":\"https:\/\/www.hansengrietjezeewolde.nl\/#website\"},\"primaryImageOfPage\":{\"@id\":\"https:\/\/www.hansengrietjezeewolde.nl\/de\/#primaryimage\"},\"image\":{\"@id\":\"https:\/\/www.hansengrietjezeewolde.nl\/de\/#primaryimage\"},\"thumbnailUrl\":\"https:\/\/www.hansengrietjezeewolde.nl\/app\/uploads\/2026\/03\/20240802-Hans-Grietje-Zomerdag-AUG-2024-14-scaled.jpg\",\"datePublished\":\"2024-04-16T10:21:45+00:00\",\"dateModified\":\"2026-03-31T10:21:28+00:00\",\"description\":\"Im \u201eHans & Grietje Pannenkoekenhaus und Spielpark\u201c erwarten dich k\u00f6stliche Pfannkuchen und eine m\u00e4rchenhafte Atmosph\u00e4re.\",\"breadcrumb\":{\"@id\":\"https:\/\/www.hansengrietjezeewolde.nl\/de\/#breadcrumb\"},\"inLanguage\":\"de-DE\",\"potentialAction\":[{\"@type\":\"ReadAction\",\"target\":[\"https:\/\/www.hansengrietjezeewolde.nl\/de\/\"]}]},{\"@type\":\"ImageObject\",\"inLanguage\":\"de-DE\",\"@id\":\"https:\/\/www.hansengrietjezeewolde.nl\/de\/#primaryimage\",\"url\":\"https:\/\/www.hansengrietjezeewolde.nl\/app\/uploads\/2026\/03\/20240802-Hans-Grietje-Zomerdag-AUG-2024-14-scaled.jpg\",\"contentUrl\":\"https:\/\/www.hansengrietjezeewolde.nl\/app\/uploads\/2026\/03\/20240802-Hans-Grietje-Zomerdag-AUG-2024-14-scaled.jpg\",\"width\":2560,\"height\":1917},{\"@type\":\"BreadcrumbList\",\"@id\":\"https:\/\/www.hansengrietjezeewolde.nl\/de\/#breadcrumb\",\"itemListElement\":[{\"@type\":\"ListItem\",\"position\":1,\"name\":\"Home\",\"item\":\"https:\/\/www.hansengrietjezeewolde.nl\/de\/\"},{\"@type\":\"ListItem\",\"position\":2,\"name\":\"Startseite\"}]},{\"@type\":\"WebSite\",\"@id\":\"https:\/\/www.hansengrietjezeewolde.nl\/#website\",\"url\":\"https:\/\/www.hansengrietjezeewolde.nl\/\",\"name\":\"Hans & Grietje Pannenkoekenhuis en speelpark\",\"description\":\"Beleef een magische dag!\",\"publisher\":{\"@id\":\"https:\/\/www.hansengrietjezeewolde.nl\/#organization\"},\"potentialAction\":[{\"@type\":\"SearchAction\",\"target\":{\"@type\":\"EntryPoint\",\"urlTemplate\":\"https:\/\/www.hansengrietjezeewolde.nl\/?s={search_term_string}\"},\"query-input\":{\"@type\":\"PropertyValueSpecification\",\"valueRequired\":true,\"valueName\":\"search_term_string\"}}],\"inLanguage\":\"de-DE\"},{\"@type\":\"Organization\",\"@id\":\"https:\/\/www.hansengrietjezeewolde.nl\/#organization\",\"name\":\"Hans & Grietje Pannenkoekenhuis en speelpark\",\"url\":\"https:\/\/www.hansengrietjezeewolde.nl\/\",\"logo\":{\"@type\":\"ImageObject\",\"inLanguage\":\"de-DE\",\"@id\":\"https:\/\/www.hansengrietjezeewolde.nl\/#\/schema\/logo\/image\/\",\"url\":\"https:\/\/www.hansengrietjezeewolde.nl\/app\/uploads\/2026\/01\/Logo-Hans-Grietje-Pannenkoekenhuis-Speelpark-01-1-scaled.png\",\"contentUrl\":\"https:\/\/www.hansengrietjezeewolde.nl\/app\/uploads\/2026\/01\/Logo-Hans-Grietje-Pannenkoekenhuis-Speelpark-01-1-scaled.png\",\"width\":2560,\"height\":2560,\"caption\":\"Hans & Grietje Pannenkoekenhuis en speelpark\"},\"image\":{\"@id\":\"https:\/\/www.hansengrietjezeewolde.nl\/#\/schema\/logo\/image\/\"},\"sameAs\":[\"https:\/\/www.facebook.com\/hansengrietjezeewolde\",\"https:\/\/www.instagram.com\/hansengrietjezeewolde\/\",\"https:\/\/www.tiktok.com\/@hansengrietjezeewolde\",\"https:\/\/www.youtube.com\/c\/HansenGrietjeZeewolde1\",\"https:\/\/nl.linkedin.com\/company\/hans-grietje-pannenkoekenhuis-en-speelpark\"],\"description\":\"Ontdek Hans & Grietje in Zeewolde: een pannenkoekenrestaurant met speeltuin waar eten, spelen en avontuur samenkomen. Van ons pannenkoekenhuis tot het speelpark en het Sprookjesbos van de Heks, dit is het perfecte uitje met kinderen in Flevoland.\",\"email\":\"reserveren@hansgriet.nl\",\"telephone\":\"0320 268 294\",\"legalName\":\"Hans en Griet B.V.\",\"numberOfEmployees\":{\"@type\":\"QuantitativeValue\",\"minValue\":\"201\",\"maxValue\":\"500\"}}]}<\/script>\n<!-- \/ Yoast SEO Premium plugin. -->","yoast_head_json":{"title":"Hans & Grietje Pfannkuchenhaus \u2013 Erlebe einen zauberhaften Sommer","description":"Im \u201eHans & Grietje Pannenkoekenhaus und Spielpark\u201c erwarten dich k\u00f6stliche Pfannkuchen und eine m\u00e4rchenhafte Atmosph\u00e4re.","robots":{"index":"index","follow":"follow","max-snippet":"max-snippet:-1","max-image-preview":"max-image-preview:large","max-video-preview":"max-video-preview:-1"},"canonical":"https:\/\/www.hansengrietjezeewolde.nl\/de\/","og_locale":"de_DE","og_type":"article","og_title":"Startseite","og_description":"Im \u201eHans & Grietje Pannenkoekenhaus und Spielpark\u201c erwarten dich k\u00f6stliche Pfannkuchen und eine m\u00e4rchenhafte Atmosph\u00e4re.","og_url":"https:\/\/www.hansengrietjezeewolde.nl\/de\/","og_site_name":"Hans en Grietje","article_publisher":"https:\/\/www.facebook.com\/hansengrietjezeewolde","article_modified_time":"2026-03-31T10:21:28+00:00","og_image":[{"width":2560,"height":1917,"url":"https:\/\/www.hansengrietjezeewolde.nl\/app\/uploads\/2026\/03\/20240802-Hans-Grietje-Zomerdag-AUG-2024-14-scaled.jpg","type":"image\/jpeg"}],"twitter_card":"summary_large_image","twitter_misc":{"Est. reading time":"3 minutes"},"schema":{"@context":"https:\/\/schema.org","@graph":[{"@type":"WebPage","@id":"https:\/\/www.hansengrietjezeewolde.nl\/de\/","url":"https:\/\/www.hansengrietjezeewolde.nl\/de\/","name":"Hans & Grietje Pfannkuchenhaus \u2013 Erlebe einen zauberhaften Sommer","isPartOf":{"@id":"https:\/\/www.hansengrietjezeewolde.nl\/#website"},"primaryImageOfPage":{"@id":"https:\/\/www.hansengrietjezeewolde.nl\/de\/#primaryimage"},"image":{"@id":"https:\/\/www.hansengrietjezeewolde.nl\/de\/#primaryimage"},"thumbnailUrl":"https:\/\/www.hansengrietjezeewolde.nl\/app\/uploads\/2026\/03\/20240802-Hans-Grietje-Zomerdag-AUG-2024-14-scaled.jpg","datePublished":"2024-04-16T10:21:45+00:00","dateModified":"2026-03-31T10:21:28+00:00","description":"Im \u201eHans & Grietje Pannenkoekenhaus und Spielpark\u201c erwarten dich k\u00f6stliche Pfannkuchen und eine m\u00e4rchenhafte Atmosph\u00e4re.","breadcrumb":{"@id":"https:\/\/www.hansengrietjezeewolde.nl\/de\/#breadcrumb"},"inLanguage":"de-DE","potentialAction":[{"@type":"ReadAction","target":["https:\/\/www.hansengrietjezeewolde.nl\/de\/"]}]},{"@type":"ImageObject","inLanguage":"de-DE","@id":"https:\/\/www.hansengrietjezeewolde.nl\/de\/#primaryimage","url":"https:\/\/www.hansengrietjezeewolde.nl\/app\/uploads\/2026\/03\/20240802-Hans-Grietje-Zomerdag-AUG-2024-14-scaled.jpg","contentUrl":"https:\/\/www.hansengrietjezeewolde.nl\/app\/uploads\/2026\/03\/20240802-Hans-Grietje-Zomerdag-AUG-2024-14-scaled.jpg","width":2560,"height":1917},{"@type":"BreadcrumbList","@id":"https:\/\/www.hansengrietjezeewolde.nl\/de\/#breadcrumb","itemListElement":[{"@type":"ListItem","position":1,"name":"Home","item":"https:\/\/www.hansengrietjezeewolde.nl\/de\/"},{"@type":"ListItem","position":2,"name":"Startseite"}]},{"@type":"WebSite","@id":"https:\/\/www.hansengrietjezeewolde.nl\/#website","url":"https:\/\/www.hansengrietjezeewolde.nl\/","name":"Hans & Grietje Pannenkoekenhuis en speelpark","description":"Beleef een magische dag!","publisher":{"@id":"https:\/\/www.hansengrietjezeewolde.nl\/#organization"},"potentialAction":[{"@type":"SearchAction","target":{"@type":"EntryPoint","urlTemplate":"https:\/\/www.hansengrietjezeewolde.nl\/?s={search_term_string}"},"query-input":{"@type":"PropertyValueSpecification","valueRequired":true,"valueName":"search_term_string"}}],"inLanguage":"de-DE"},{"@type":"Organization","@id":"https:\/\/www.hansengrietjezeewolde.nl\/#organization","name":"Hans & Grietje Pannenkoekenhuis en speelpark","url":"https:\/\/www.hansengrietjezeewolde.nl\/","logo":{"@type":"ImageObject","inLanguage":"de-DE","@id":"https:\/\/www.hansengrietjezeewolde.nl\/#\/schema\/logo\/image\/","url":"https:\/\/www.hansengrietjezeewolde.nl\/app\/uploads\/2026\/01\/Logo-Hans-Grietje-Pannenkoekenhuis-Speelpark-01-1-scaled.png","contentUrl":"https:\/\/www.hansengrietjezeewolde.nl\/app\/uploads\/2026\/01\/Logo-Hans-Grietje-Pannenkoekenhuis-Speelpark-01-1-scaled.png","width":2560,"height":2560,"caption":"Hans & Grietje Pannenkoekenhuis en speelpark"},"image":{"@id":"https:\/\/www.hansengrietjezeewolde.nl\/#\/schema\/logo\/image\/"},"sameAs":["https:\/\/www.facebook.com\/hansengrietjezeewolde","https:\/\/www.instagram.com\/hansengrietjezeewolde\/","https:\/\/www.tiktok.com\/@hansengrietjezeewolde","https:\/\/www.youtube.com\/c\/HansenGrietjeZeewolde1","https:\/\/nl.linkedin.com\/company\/hans-grietje-pannenkoekenhuis-en-speelpark"],"description":"Ontdek Hans & Grietje in Zeewolde: een pannenkoekenrestaurant met speeltuin waar eten, spelen en avontuur samenkomen. Van ons pannenkoekenhuis tot het speelpark en het Sprookjesbos van de Heks, dit is het perfecte uitje met kinderen in Flevoland.","email":"reserveren@hansgriet.nl","telephone":"0320 268 294","legalName":"Hans en Griet B.V.","numberOfEmployees":{"@type":"QuantitativeValue","minValue":"201","maxValue":"500"}}]}},"_links":{"self":[{"href":"https:\/\/www.hansengrietjezeewolde.nl\/de\/wp-json\/wp\/v2\/pages\/931","targetHints":{"allow":["GET"]}}],"collection":[{"href":"https:\/\/www.hansengrietjezeewolde.nl\/de\/wp-json\/wp\/v2\/pages"}],"about":[{"href":"https:\/\/www.hansengrietjezeewolde.nl\/de\/wp-json\/wp\/v2\/types\/page"}],"author":[{"embeddable":true,"href":"https:\/\/www.hansengrietjezeewolde.nl\/de\/wp-json\/wp\/v2\/users\/1"}],"replies":[{"embeddable":true,"href":"https:\/\/www.hansengrietjezeewolde.nl\/de\/wp-json\/wp\/v2\/comments?post=931"}],"version-history":[{"count":13,"href":"https:\/\/www.hansengrietjezeewolde.nl\/de\/wp-json\/wp\/v2\/pages\/931\/revisions"}],"predecessor-version":[{"id":4517,"href":"https:\/\/www.hansengrietjezeewolde.nl\/de\/wp-json\/wp\/v2\/pages\/931\/revisions\/4517"}],"wp:featuredmedia":[{"embeddable":true,"href":"https:\/\/www.hansengrietjezeewolde.nl\/de\/wp-json\/wp\/v2\/media\/4245"}],"wp:attachment":[{"href":"https:\/\/www.hansengrietjezeewolde.nl\/de\/wp-json\/wp\/v2\/media?parent=931"}],"curies":[{"name":"wp","href":"https:\/\/api.w.org\/{rel}","templated":true}]}}